{"id":47,"date":"2024-05-02T14:15:40","date_gmt":"2024-05-02T12:15:40","guid":{"rendered":"https:\/\/aurelie-blondy-therapie.fr\/?page_id=47"},"modified":"2024-05-20T17:37:40","modified_gmt":"2024-05-20T15:37:40","slug":"la-systemie-cest-quoi","status":"publish","type":"page","link":"https:\/\/aurelie-blondy-therapie.fr\/index.php\/la-systemie-cest-quoi\/","title":{"rendered":"La syst\u00e9mie c&#8217;est quoi ?"},"content":{"rendered":"\n<p style=\"font-size:18px\">Cette approche prend en compte l\u2019individu dans sa globalit\u00e9, sa complexit\u00e9 et sa singularit\u00e9. Ainsi, l\u2019individu est consid\u00e9r\u00e9 comme faisant partie de diff\u00e9rents syst\u00e8mes (familial, conjugal, amical, scolaire, professionnel, social, etc.)<\/p>\n\n\n\n<p style=\"font-size:18px\">La syst\u00e9mie est une approche respectueuse de la personne \u00e9voluant dans son environnement, elle permet l\u2019accompagnement au changement.<\/p>\n\n\n\n<p style=\"font-size:18px\">Cette th\u00e9rapie est issue de l\u2019\u00e9cole de Palo Alto<\/p>\n\n\n\n<div class=\"wp-block-media-text is-stacked-on-mobile\" style=\"grid-template-columns:30% auto\"><figure class=\"wp-block-media-text__media\"><img loading=\"lazy\" decoding=\"async\" width=\"247\" height=\"204\" src=\"https:\/\/aurelie-blondy-therapie.fr\/wp-content\/uploads\/2024\/05\/images-systemie-2.jpg\" alt=\"\" class=\"wp-image-256 size-full\"\/><\/figure><div class=\"wp-block-media-text__content\">\n<p class=\"has-text-color has-link-color has-medium-font-size wp-elements-a17952abf3a27b18776c0b839198eed0\" style=\"color:#59a5bd\"><strong>&#8220;La r\u00e9silience c&#8217;est l&#8217;art de naviguer dans les torrents&#8221; Boris Cyrulnik<\/strong><\/p>\n<\/div><\/div>\n\n\n\n<p style=\"font-size:18px\">Elle se distingue des autres approches th\u00e9rapeutiques par sa fa\u00e7on de comprendre les relations humaines. En effet, la personne n\u2019est pas le seul \u00e9l\u00e9ment analys\u00e9 dans cette d\u00e9marche. Le th\u00e9rapeute s\u2019int\u00e9resse \u00e9galement aux diff\u00e9rents syst\u00e8mes dont elle fait partie.<\/p>\n\n\n\n<p style=\"font-size:18px\">On peut illustrer la syst\u00e9mie familiale par la figure du mobile : chaque membre d\u2019une famille est suspendu \u00e0 la m\u00eame structure en bois. Les paroles et les actes de chacun ont des r\u00e9percussions sur les autres. La structure n\u2019est pas fig\u00e9e, elle bouge au gr\u00e9 des \u00e9v\u00e9nements externes et internes \u00e0 la vie de la famille. Le syst\u00e8me familial cherche pourtant sans cesse \u00e0 retrouver un nouvel \u00e9quilibre relationnel.<\/p>\n\n\n\n<p style=\"font-size:18px\">Lorsqu\u2019un changement appara\u00eet pour un des membres, c\u2019est l\u2019ensemble du syst\u00e8me qui est alors amen\u00e9 \u00e0 changer<\/p>\n\n\n\n<p style=\"font-size:18px\">Il s\u2019agit ici d\u2019une approche bas\u00e9e sur l\u2019aspect circulaire des relations et non d\u2019une lecture r\u00e9duite aux causes\/effets.<\/p>\n\n\n\n<p style=\"font-size:18px\">Ainsi la th\u00e9rapie syst\u00e9mique tient compte du contexte dans lequel nous vivons, elle consiste en des interventions contextuelles qui permettent de r\u00e9ajuster, voire d\u2019inventer, des mani\u00e8res de penser et de faire, en fonction des caract\u00e9ristiques de chaque situation particuli\u00e8re.<\/p>\n\n\n\n<ul class=\"wp-block-list\">\n<li style=\"font-size:18px\">Faire circuler la communication entre les diff\u00e9rents membres du syst\u00e8me.<\/li>\n\n\n\n<li style=\"font-size:18px\">Analyser les formes d\u2019interactions.<\/li>\n\n\n\n<li style=\"font-size:18px\">Revisiter le pass\u00e9 et le pr\u00e9sent de chacun (\u00e0 travers le g\u00e9nogramme, par exemple).<\/li>\n\n\n\n<li style=\"font-size:18px\">Recadrer et qualifier positivement et diff\u00e9remment les situations expos\u00e9es.<\/li>\n\n\n\n<li style=\"font-size:18px\">\u00c9tudier la fonction et le r\u00f4le du sympt\u00f4me dans la crise.<\/li>\n\n\n\n<li style=\"font-size:18px\">Aider chaque personne accompagn\u00e9e \u00e0 assouplir son mode de pens\u00e9e.<\/li>\n\n\n\n<li style=\"font-size:18px\">Reformuler pour se recentrer sur la relation et prendre du recul sur la fa\u00e7on de communiquer.<\/li>\n\n\n\n<li style=\"font-size:18px\">Mobiliser les ressources et comp\u00e9tences de chacun.<\/li>\n<\/ul>\n\n\n\n<p style=\"font-size:18px\"><strong>Objectif d\u2019une telle psychoth\u00e9rapie :<\/strong> Initier un processus de changement qui conduira \u00e0 l\u2019\u00e9mergence d\u2019un nouvel \u00e9quilibre le plus satisfaisant possible pour chacun.<\/p>\n\n\n<div class=\"wp-block-image\">\n<figure class=\"aligncenter size-full is-resized\"><img loading=\"lazy\" decoding=\"async\" width=\"600\" height=\"400\" src=\"https:\/\/aurelie-blondy-therapie.fr\/wp-content\/uploads\/2024\/05\/Systemie2.jpg\" alt=\"\" class=\"wp-image-281\" style=\"width:350px;height:auto\" srcset=\"https:\/\/aurelie-blondy-therapie.fr\/wp-content\/uploads\/2024\/05\/Systemie2.jpg 600w, https:\/\/aurelie-blondy-therapie.fr\/wp-content\/uploads\/2024\/05\/Systemie2-300x200.jpg 300w\" sizes=\"auto, (max-width: 600px) 100vw, 600px\" \/><\/figure>\n<\/div>","protected":false},"excerpt":{"rendered":"<p>Cette approche prend en compte l\u2019individu dans sa globalit\u00e9, sa complexit\u00e9 et sa singularit\u00e9. Ainsi, l\u2019individu est consid\u00e9r\u00e9 comme faisant partie de diff\u00e9rents syst\u00e8mes (familial, conjugal, amical, scolaire, professionnel, social, etc.) La syst\u00e9mie est une approche respectueuse de la personne \u00e9voluant dans son environnement, elle permet l\u2019accompagnement au changement. Cette th\u00e9rapie est issue de l\u2019\u00e9cole <a class=\"read-more\" href=\"https:\/\/aurelie-blondy-therapie.fr\/index.php\/la-systemie-cest-quoi\/\">READ MORE<\/a><\/p>\n","protected":false},"author":1,"featured_media":0,"parent":0,"menu_order":0,"comment_status":"closed","ping_status":"closed","template":"","meta":{"footnotes":""},"class_list":["post-47","page","type-page","status-publish","hentry"],"_links":{"self":[{"href":"https:\/\/aurelie-blondy-therapie.fr\/index.php\/wp-json\/wp\/v2\/pages\/47","targetHints":{"allow":["GET"]}}],"collection":[{"href":"https:\/\/aurelie-blondy-therapie.fr\/index.php\/wp-json\/wp\/v2\/pages"}],"about":[{"href":"https:\/\/aurelie-blondy-therapie.fr\/index.php\/wp-json\/wp\/v2\/types\/page"}],"author":[{"embeddable":true,"href":"https:\/\/aurelie-blondy-therapie.fr\/index.php\/wp-json\/wp\/v2\/users\/1"}],"replies":[{"embeddable":true,"href":"https:\/\/aurelie-blondy-therapie.fr\/index.php\/wp-json\/wp\/v2\/comments?post=47"}],"version-history":[{"count":5,"href":"https:\/\/aurelie-blondy-therapie.fr\/index.php\/wp-json\/wp\/v2\/pages\/47\/revisions"}],"predecessor-version":[{"id":282,"href":"https:\/\/aurelie-blondy-therapie.fr\/index.php\/wp-json\/wp\/v2\/pages\/47\/revisions\/282"}],"wp:attachment":[{"href":"https:\/\/aurelie-blondy-therapie.fr\/index.php\/wp-json\/wp\/v2\/media?parent=47"}],"curies":[{"name":"wp","href":"https:\/\/api.w.org\/{rel}","templated":true}]}}